{"id":886,"date":"2018-12-11T13:58:22","date_gmt":"2018-12-11T11:58:22","guid":{"rendered":"https:\/\/kotisivuboxi.fi\/asiakkaat\/fysioninja\/?page_id=886"},"modified":"2019-01-22T13:35:05","modified_gmt":"2019-01-22T11:35:05","slug":"kinesiotejpning","status":"publish","type":"page","link":"https:\/\/www.fysioninja.fi\/sv\/kinesiotejpning\/","title":{"rendered":"Kinesiotejpning"},"content":{"rendered":"<p><div class=\"fusion-fullwidth fullwidth-box fusion-builder-row-1 nonhundred-percent-fullwidth non-hundred-percent-height-scrolling\" style=\"--awb-border-radius-top-left:0px;--awb-border-radius-top-right:0px;--awb-border-radius-bottom-right:0px;--awb-border-radius-bottom-left:0px;--awb-margin-top:80px;--awb-flex-wrap:wrap;\" ><div class=\"fusion-builder-row fusion-row\"><div class=\"fusion-layout-column fusion_builder_column fusion-builder-column-0 fusion_builder_column_1_1 1_1 fusion-one-full fusion-column-first fusion-column-last\" style=\"--awb-bg-size:cover;\"><div class=\"fusion-column-wrapper fusion-flex-column-wrapper-legacy\"><div class=\"fusion-image-element fusion-image-align-center in-legacy-container\" style=\"text-align:center;--awb-caption-title-font-family:var(--h2_typography-font-family);--awb-caption-title-font-weight:var(--h2_typography-font-weight);--awb-caption-title-font-style:var(--h2_typography-font-style);--awb-caption-title-size:var(--h2_typography-font-size);--awb-caption-title-transform:var(--h2_typography-text-transform);--awb-caption-title-line-height:var(--h2_typography-line-height);--awb-caption-title-letter-spacing:var(--h2_typography-letter-spacing);\"><div class=\"imageframe-align-center\"><span class=\" fusion-imageframe imageframe-none imageframe-1 hover-type-none\"><img decoding=\"async\" width=\"1296\" height=\"277\" alt=\"Kinesiotejpning\" title=\"Kinesiotejpning\" src=\"https:\/\/www.fysioninja.fi\/wp-content\/uploads\/kinesioteippaus_desktop-1.jpg\" class=\"img-responsive wp-image-801\" srcset=\"https:\/\/www.fysioninja.fi\/wp-content\/uploads\/kinesioteippaus_desktop-1-200x43.jpg 200w, https:\/\/www.fysioninja.fi\/wp-content\/uploads\/kinesioteippaus_desktop-1-400x85.jpg 400w, https:\/\/www.fysioninja.fi\/wp-content\/uploads\/kinesioteippaus_desktop-1-600x128.jpg 600w, https:\/\/www.fysioninja.fi\/wp-content\/uploads\/kinesioteippaus_desktop-1-800x171.jpg 800w, https:\/\/www.fysioninja.fi\/wp-content\/uploads\/kinesioteippaus_desktop-1-1200x256.jpg 1200w, https:\/\/www.fysioninja.fi\/wp-content\/uploads\/kinesioteippaus_desktop-1.jpg 1296w\" sizes=\"(max-width: 900px) 100vw, 1296px\" \/><\/span><\/div><\/div><div class=\"fusion-clearfix\"><\/div><\/div><\/div><\/div><\/div><div class=\"fusion-fullwidth fullwidth-box fusion-builder-row-2 nonhundred-percent-fullwidth non-hundred-percent-height-scrolling\" style=\"--awb-border-radius-top-left:0px;--awb-border-radius-top-right:0px;--awb-border-radius-bottom-right:0px;--awb-border-radius-bottom-left:0px;--awb-margin-top:10px;--awb-flex-wrap:wrap;\" ><div class=\"fusion-builder-row fusion-row\"><div class=\"fusion-layout-column fusion_builder_column fusion-builder-column-1 fusion_builder_column_1_1 1_1 fusion-one-full fusion-column-first fusion-column-last\" style=\"--awb-bg-size:cover;--awb-margin-bottom:0px;\"><div class=\"fusion-column-wrapper fusion-flex-column-wrapper-legacy\"><div class=\"fusion-title title fusion-title-1 sep-underline sep-dotted fusion-title-text fusion-title-size-one\"><h1 class=\"fusion-title-heading title-heading-left fusion-responsive-typography-calculated\" style=\"margin:0;--fontSize:44;line-height:1.2;\"><h1 style=\"text-align: left;\"><span style=\"color: #021730;\">KINESIOTEJPNING<\/span><\/h1><\/h1><\/div><div class=\"fusion-clearfix\"><\/div><\/div><\/div><div class=\"fusion-layout-column fusion_builder_column fusion-builder-column-2 fusion_builder_column_2_3 2_3 fusion-two-third fusion-column-first\" style=\"--awb-bg-size:cover;width:66.666666666667%;width:calc(66.666666666667% - ( ( 4% ) * 0.66666666666667 ) );margin-right: 4%;\"><div class=\"fusion-column-wrapper fusion-flex-column-wrapper-legacy\"><div class=\"fusion-text fusion-text-1\"><p><strong>Den japanska kiropraktikern\u00a0Kenzo\u00a0Kase f\u00f6rde fram\u00a0kinesiotejpningen\u00a0\u00e5r 1973.<\/strong> Efter Olympiska spelen i Beijing spred sig denna behandling \u00e4ven till Finland.\u00a0Kinesiotejpning\u00a0l\u00e4mpar sig f\u00f6r sm\u00e4rttillst\u00e5nd d\u00e4r muskler och leder beh\u00f6ver st\u00f6das upp och slappna av.\u00a0Kinesiotejpet\u00a0\u00e4r 100%\u00a0bommull,\u00a0tejpet\u00a0andas, \u00e4r flexibelt och h\u00e5ller vatten.\u00a0Kinesiotejpet\u00a0h\u00e5lls p\u00e5 kroppen i\u00a03-14\u00a0dagar beroende p\u00e5 var\u00a0tejpet\u00a0\u00e4r.<\/p>\n<p><strong>Med\u00a0kinesiotejpning<\/strong> kan man aktivera muskeln, \u00f6ka dess verksamhet samt f\u00e5 den att slappna av.<\/p>\n<p><strong>Ifall du beh\u00f6ver\u00a0kinesiotejpning,<\/strong>\u00a0kontakta d\u00e5\u00a0Fysio\u00a0Ninjas fysioterapeut. Fysioterapeuten behandlar f\u00f6rst omr\u00e5det och utf\u00f6r d\u00e4refter tejpningen.<\/p>\n<p>I samband med\u00a0lymfaterapin\u00a0g\u00f6rs\u00a0lymfatejpning\u00a0som minskar svullnad.<\/p>\n<\/div><div class=\"fusion-builder-row fusion-builder-row-inner fusion-row\"><div class=\"fusion-layout-column fusion_builder_column_inner fusion-builder-nested-column-0 fusion_builder_column_inner_2_3 2_3 fusion-two-third fusion-column-first\" style=\"--awb-bg-size:cover;width:66.666666666667%;width:calc(66.666666666667% - ( ( 4% ) * 0.66666666666667 ) );margin-right: 4%;\"><div class=\"fusion-column-wrapper fusion-flex-column-wrapper-legacy\"><div class=\"fusion-text fusion-text-2\"><p><strong>Kinesiotejpning\u00a0\u00e4r en ypperligt bra behandling<\/strong>\u00a0som ger resultat p\u00e5 mycket kort tid.\u00a0Tejpningen<\/p>\n<ul>\n<li>lindrar sm\u00e4rta<\/li>\n<li>styr muskeln<\/li>\n<li>f\u00f6rb\u00e4ttrar h\u00e5llningen<\/li>\n<li>f\u00e5r\u00a0fasciorna\u00a0att r\u00f6ra p\u00e5 sig<\/li>\n<li>f\u00f6rb\u00e4ttrar \u00e4mnesoms\u00e4ttningen\u00a0och minskar svullnad<\/li>\n<\/ul>\n<\/div><div class=\"fusion-clearfix\"><\/div><\/div><\/div><div class=\"fusion-layout-column fusion_builder_column_inner fusion-builder-nested-column-1 fusion_builder_column_inner_1_3 1_3 fusion-one-third fusion-column-last\" style=\"--awb-bg-size:cover;width:33.333333333333%;width:calc(33.333333333333% - ( ( 4% ) * 0.33333333333333 ) );\"><div class=\"fusion-column-wrapper fusion-flex-column-wrapper-legacy\"><div class=\"fusion-text fusion-text-3\"><p><strong>Tejpningsomr\u00e5den<\/strong><strong>:<\/strong><\/p>\n<ul>\n<li>vrist<\/li>\n<li>akillessena\/fotbotten<\/li>\n<li>valpsjuka<\/li>\n<li>vad<\/li>\n<li>kn\u00e4<\/li>\n<li>bakl\u00e5r<\/li>\n<li>rygg<\/li>\n<li>sp\u00e4ndnacke<\/li>\n<li>tennisarmb\u00e5ge<\/li>\n<\/ul>\n<\/div><div class=\"fusion-clearfix\"><\/div><\/div><\/div><\/div><div class=\"fusion-clearfix\"><\/div><\/div><\/div><div class=\"fusion-layout-column fusion_builder_column fusion-builder-column-3 fusion_builder_column_1_3 1_3 fusion-one-third fusion-column-last\" style=\"--awb-bg-size:cover;width:33.333333333333%;width:calc(33.333333333333% - ( ( 4% ) * 0.33333333333333 ) );\"><div class=\"fusion-column-wrapper fusion-flex-column-wrapper-legacy\"><div class=\"fusion-title title fusion-title-2 fusion-sep-none fusion-title-center fusion-title-text fusion-title-size-three\" style=\"--awb-margin-bottom:15px;\"><h3 class=\"fusion-title-heading title-heading-center fusion-responsive-typography-calculated\" style=\"margin:0;--fontSize:22;--minFontSize:22;line-height:1.5;\"><h3 style=\"text-align: center;\"><span style=\"color: #021730;\">PRISLISTA<\/span><\/h3><\/h3><\/div>\n<div class=\"table-1\" id=\"pieni_fontti\">\n<table width=\"100%\">\n<thead>\n<tr>\n<th align=\"left\">L\u00e4ngd<\/th>\n<th align=\"left\">Pris<\/th>\n<\/tr>\n<\/thead>\n<tbody>\n<tr>\n<td align=\"left\"><span style=\"font-size: 12px;\">I samband med laser<\/span><\/td>\n<td align=\"left\"><span style=\"font-size: 12px;\">+5-10 \u20ac beroende p\u00e5<br \/>behandlingsomr\u00e5de<\/span><\/td>\n<\/tr>\n<\/tbody>\n<\/table>\n<\/div>\n<div class=\"fusion-sep-clear\"><\/div><div class=\"fusion-separator fusion-full-width-sep\" style=\"margin-left: auto;margin-right: auto;margin-top:25px;width:100%;\"><\/div><div class=\"fusion-sep-clear\"><\/div><div class=\"fusion-aligncenter\"><a class=\"fusion-button button-3d button-large button-custom fusion-button-default button-1 fusion-button-default-span \" style=\"--button_bevel_color:#021730;--button_accent_color:#f4f4f4;--button_accent_hover_color:#021730;--button_border_hover_color:#021730;--button_border_width-top:0;--button_border_width-right:0;--button_border_width-bottom:0;--button_border_width-left:0;--button-border-radius-top-left:4px;--button-border-radius-top-right:4px;--button-border-radius-bottom-right:4px;--button-border-radius-bottom-left:4px;--button_gradient_top_color:#021730;--button_gradient_bottom_color:#021730;--button_gradient_top_color_hover:#f4f4f4;--button_gradient_bottom_color_hover:#f4f4f4;\" target=\"_self\" href=\"https:\/\/www.fysioninja.fi\/nettiajanvaraus\/\" id=\"button-font\"><span class=\"fusion-button-text awb-button__text awb-button__text--default\">N\u00c4TTIDSBEST\u00c4LLNING<\/span><\/a><\/div><div class=\"fusion-sep-clear\"><\/div><div class=\"fusion-separator fusion-full-width-sep\" style=\"margin-left: auto;margin-right: auto;margin-top:25px;width:100%;\"><\/div><div class=\"fusion-sep-clear\"><\/div><div class=\"fusion-clearfix\"><\/div><\/div><\/div><\/div><\/div><div class=\"fusion-fullwidth fullwidth-box fusion-builder-row-3 nonhundred-percent-fullwidth non-hundred-percent-height-scrolling\" style=\"--awb-border-radius-top-left:0px;--awb-border-radius-top-right:0px;--awb-border-radius-bottom-right:0px;--awb-border-radius-bottom-left:0px;--awb-flex-wrap:wrap;\" ><div class=\"fusion-builder-row fusion-row\"><div class=\"fusion-layout-column fusion_builder_column fusion-builder-column-4 fusion_builder_column_1_4 1_4 fusion-one-fourth fusion-column-first\" style=\"--awb-bg-size:cover;width:25%;width:calc(25% - ( ( 4% + 4% + 4% ) * 0.25 ) );margin-right: 4%;\"><div class=\"fusion-column-wrapper fusion-flex-column-wrapper-legacy\"><div class=\"fusion-person person fusion-person-center fusion-person-1 fusion-person-icon-top\" style=\"--awb-pic-style-color:#000000;--awb-pic-borderradius:0px;--awb-margin-top:0px;--awb-margin-right:0px;--awb-margin-bottom:0px;--awb-margin-left:0px;--awb-social-box-border-top:0px;--awb-social-box-border-right:0px;--awb-social-box-border-bottom:0px;--awb-social-box-border-left:0px;--awb-social-box-border-color:var(--awb-color3);--awb-social-box-border-color-hover:var(--awb-color4);--awb-social-box-colors-hover:rgba(232,232,232,0.8);--awb-social-icon-boxed-colors:#e8e8e8;--awb-social-icon-colors:#bebdbd;--awb-social-icon-colors-hover:rgba(190,189,189,0.8);\"><div class=\"person-shortcode-image-wrapper\"><div class=\"person-image-container hover-type-none\" style=\"border:0px solid #f6f6f6;-webkit-border-radius:0px;-moz-border-radius:0px;border-radius:0px;\"><img decoding=\"async\" class=\"person-img img-responsive wp-image-1170\" width=\"200\" height=\"200\" src=\"https:\/\/www.fysioninja.fi\/wp-content\/uploads\/ebe_lindahl_200x200_pink.jpg\" alt=\"Ebe Lindahl\" srcset=\"https:\/\/www.fysioninja.fi\/wp-content\/uploads\/ebe_lindahl_200x200_pink-66x66.jpg 66w, https:\/\/www.fysioninja.fi\/wp-content\/uploads\/ebe_lindahl_200x200_pink-150x150.jpg 150w, https:\/\/www.fysioninja.fi\/wp-content\/uploads\/ebe_lindahl_200x200_pink.jpg 200w\" sizes=\"(max-width: 200px) 100vw, 200px\" \/><\/div><\/div><div class=\"person-desc\"><div class=\"person-author\"><div class=\"person-author-wrapper\"><span class=\"person-name\">Ebe Lindahl<\/span><span class=\"person-title\"><\/span><\/div><\/div><div class=\"person-content fusion-clearfix\"><a href=\"tel:0400472132\">0400 472 132<\/a><br \/>\neba.lindahl(at)fysioninja.fi<\/p>\n<p>Sjuksk\u00f6tare, lymfaterapeut, zonterapeut, laserv\u00e5rdare<\/div><\/div><\/div><div class=\"fusion-clearfix\"><\/div><\/div><\/div><div class=\"fusion-layout-column fusion_builder_column fusion-builder-column-5 fusion_builder_column_1_4 1_4 fusion-one-fourth\" style=\"--awb-bg-size:cover;width:25%;width:calc(25% - ( ( 4% + 4% + 4% ) * 0.25 ) );margin-right: 4%;\"><div class=\"fusion-column-wrapper fusion-flex-column-wrapper-legacy\"><div class=\"fusion-person person fusion-person-center fusion-person-2 fusion-person-icon-top\" style=\"--awb-pic-style-color:#000000;--awb-pic-borderradius:0px;--awb-margin-top:0px;--awb-margin-right:0px;--awb-margin-bottom:0px;--awb-margin-left:0px;--awb-social-box-border-top:0px;--awb-social-box-border-right:0px;--awb-social-box-border-bottom:0px;--awb-social-box-border-left:0px;--awb-social-box-border-color:var(--awb-color3);--awb-social-box-border-color-hover:var(--awb-color4);--awb-social-box-colors-hover:rgba(232,232,232,0.8);--awb-social-icon-boxed-colors:#e8e8e8;--awb-social-icon-colors:#bebdbd;--awb-social-icon-colors-hover:rgba(190,189,189,0.8);\"><div class=\"person-shortcode-image-wrapper\"><div class=\"person-image-container hover-type-none\" style=\"border:0px solid #f6f6f6;-webkit-border-radius:0px;-moz-border-radius:0px;border-radius:0px;\"><img decoding=\"async\" class=\"person-img img-responsive wp-image-1172\" width=\"200\" height=\"200\" src=\"https:\/\/www.fysioninja.fi\/wp-content\/uploads\/bettina_heiskari_200x200_pink.jpg\" alt=\"Bettina Heiskari (o.s. Lindahl)\" srcset=\"https:\/\/www.fysioninja.fi\/wp-content\/uploads\/bettina_heiskari_200x200_pink-66x66.jpg 66w, https:\/\/www.fysioninja.fi\/wp-content\/uploads\/bettina_heiskari_200x200_pink-150x150.jpg 150w, https:\/\/www.fysioninja.fi\/wp-content\/uploads\/bettina_heiskari_200x200_pink.jpg 200w\" sizes=\"(max-width: 200px) 100vw, 200px\" \/><\/div><\/div><div class=\"person-desc\"><div class=\"person-author\"><div class=\"person-author-wrapper\"><span class=\"person-name\">Bettina Heiskari (o.s. Lindahl)<\/span><span class=\"person-title\"><\/span><\/div><\/div><div class=\"person-content fusion-clearfix\"><a href=\"tel:0407754048\">040 775 4048<\/a><br \/>\nbettina.heiskari(at)fysioninja.fi<\/p>\n<p>Fysioterapeut, Personal Fysio Trainer, laserv\u00e5rdare, hot-stone mass\u00f6r<\/div><\/div><\/div><div class=\"fusion-clearfix\"><\/div><\/div><\/div><div class=\"fusion-layout-column fusion_builder_column fusion-builder-column-6 fusion_builder_column_1_4 1_4 fusion-one-fourth\" style=\"--awb-bg-size:cover;width:25%;width:calc(25% - ( ( 4% + 4% + 4% ) * 0.25 ) );margin-right: 4%;\"><div class=\"fusion-column-wrapper fusion-flex-column-wrapper-legacy\"><div class=\"fusion-person person fusion-person-center fusion-person-3 fusion-person-icon-top\" style=\"--awb-pic-style-color:#000000;--awb-pic-borderradius:0px;--awb-margin-top:0px;--awb-margin-right:0px;--awb-margin-bottom:0px;--awb-margin-left:0px;--awb-social-box-border-top:0px;--awb-social-box-border-right:0px;--awb-social-box-border-bottom:0px;--awb-social-box-border-left:0px;--awb-social-box-border-color:var(--awb-color3);--awb-social-box-border-color-hover:var(--awb-color4);--awb-social-box-colors-hover:rgba(232,232,232,0.8);--awb-social-icon-boxed-colors:#e8e8e8;--awb-social-icon-colors:#bebdbd;--awb-social-icon-colors-hover:rgba(190,189,189,0.8);\"><div class=\"person-shortcode-image-wrapper\"><div class=\"person-image-container hover-type-none\" style=\"border:0px solid #f6f6f6;-webkit-border-radius:0px;-moz-border-radius:0px;border-radius:0px;\"><img decoding=\"async\" class=\"person-img img-responsive wp-image-1174\" width=\"200\" height=\"200\" src=\"https:\/\/www.fysioninja.fi\/wp-content\/uploads\/thomas_lindahl_200x200.jpg\" alt=\"Thomas Lindahl\" srcset=\"https:\/\/www.fysioninja.fi\/wp-content\/uploads\/thomas_lindahl_200x200-66x66.jpg 66w, https:\/\/www.fysioninja.fi\/wp-content\/uploads\/thomas_lindahl_200x200-150x150.jpg 150w, https:\/\/www.fysioninja.fi\/wp-content\/uploads\/thomas_lindahl_200x200.jpg 200w\" sizes=\"(max-width: 200px) 100vw, 200px\" \/><\/div><\/div><div class=\"person-desc\"><div class=\"person-author\"><div class=\"person-author-wrapper\"><span class=\"person-name\">Thomas Lindahl<\/span><span class=\"person-title\"><\/span><\/div><\/div><div class=\"person-content fusion-clearfix\"><a href=\"tel:0407174828\">040 717 4828<\/a><br \/>\nthomas.lindahl(at)fysioninja.fi<\/p>\n<p>Osteopat, idrottsmass\u00f6r, klassisk mass\u00f6r, laserv\u00e5rdare <\/div><\/div><\/div><div class=\"fusion-clearfix\"><\/div><\/div><\/div><div class=\"fusion-layout-column fusion_builder_column fusion-builder-column-7 fusion_builder_column_1_4 1_4 fusion-one-fourth fusion-column-last\" style=\"--awb-bg-size:cover;width:25%;width:calc(25% - ( ( 4% + 4% + 4% ) * 0.25 ) );\"><div class=\"fusion-column-wrapper fusion-flex-column-wrapper-legacy\"><div class=\"fusion-person person fusion-person-center fusion-person-4 fusion-person-icon-top\" style=\"--awb-pic-style-color:#000000;--awb-pic-borderradius:0px;--awb-margin-top:0px;--awb-margin-right:0px;--awb-margin-bottom:0px;--awb-margin-left:0px;--awb-social-box-border-top:0px;--awb-social-box-border-right:0px;--awb-social-box-border-bottom:0px;--awb-social-box-border-left:0px;--awb-social-box-border-color:var(--awb-color3);--awb-social-box-border-color-hover:var(--awb-color4);--awb-social-box-colors-hover:rgba(232,232,232,0.8);--awb-social-icon-boxed-colors:#e8e8e8;--awb-social-icon-colors:#bebdbd;--awb-social-icon-colors-hover:rgba(190,189,189,0.8);\"><div class=\"person-shortcode-image-wrapper\"><div class=\"person-image-container hover-type-none\" style=\"border:0px solid #f6f6f6;-webkit-border-radius:0px;-moz-border-radius:0px;border-radius:0px;\"><img decoding=\"async\" class=\"person-img img-responsive wp-image-1176\" width=\"200\" height=\"200\" src=\"https:\/\/www.fysioninja.fi\/wp-content\/uploads\/atte_kauppi_200x200.jpg\" alt=\"Atte Kauppi\" srcset=\"https:\/\/www.fysioninja.fi\/wp-content\/uploads\/atte_kauppi_200x200-66x66.jpg 66w, https:\/\/www.fysioninja.fi\/wp-content\/uploads\/atte_kauppi_200x200-150x150.jpg 150w, https:\/\/www.fysioninja.fi\/wp-content\/uploads\/atte_kauppi_200x200.jpg 200w\" sizes=\"(max-width: 200px) 100vw, 200px\" \/><\/div><\/div><div class=\"person-desc\"><div class=\"person-author\"><div class=\"person-author-wrapper\"><span class=\"person-name\">Atte Kauppi<\/span><span class=\"person-title\"><\/span><\/div><\/div><div class=\"person-content fusion-clearfix\"><a href=\"tel:0503043215\">050 304 3215<\/a><br \/>\natte.kauppi(at)fysioninja.fi<\/p>\n<p>Osteopat, idrottsmass\u00f6r, klassisk mass\u00f6r<\/div><\/div><\/div><div class=\"fusion-clearfix\"><\/div><\/div><\/div><div class=\"fusion-layout-column fusion_builder_column fusion-builder-column-8 fusion_builder_column_1_4 1_4 fusion-one-fourth fusion-column-first\" style=\"--awb-bg-size:cover;width:25%;width:calc(25% - ( ( 4% ) * 0.25 ) );margin-right: 4%;\"><div class=\"fusion-column-wrapper fusion-flex-column-wrapper-legacy\"><div class=\"fusion-person person fusion-person-center fusion-person-5 fusion-person-icon-top\" style=\"--awb-pic-style-color:#000000;--awb-pic-borderradius:0px;--awb-margin-top:0px;--awb-margin-right:0px;--awb-margin-bottom:0px;--awb-margin-left:0px;--awb-social-box-border-top:0px;--awb-social-box-border-right:0px;--awb-social-box-border-bottom:0px;--awb-social-box-border-left:0px;--awb-social-box-border-color:var(--awb-color3);--awb-social-box-border-color-hover:var(--awb-color4);--awb-social-box-colors-hover:rgba(232,232,232,0.8);--awb-social-icon-boxed-colors:#e8e8e8;--awb-social-icon-colors:#bebdbd;--awb-social-icon-colors-hover:rgba(190,189,189,0.8);\"><div class=\"person-shortcode-image-wrapper\"><div class=\"person-image-container hover-type-none\" style=\"border:0px solid #f6f6f6;-webkit-border-radius:0px;-moz-border-radius:0px;border-radius:0px;\"><img decoding=\"async\" class=\"person-img img-responsive wp-image-1503\" width=\"200\" height=\"200\" src=\"https:\/\/www.fysioninja.fi\/wp-content\/uploads\/nina_lindahl_200x200.jpg\" alt=\"Nina Lindahl\" srcset=\"https:\/\/www.fysioninja.fi\/wp-content\/uploads\/nina_lindahl_200x200-66x66.jpg 66w, https:\/\/www.fysioninja.fi\/wp-content\/uploads\/nina_lindahl_200x200-150x150.jpg 150w, https:\/\/www.fysioninja.fi\/wp-content\/uploads\/nina_lindahl_200x200.jpg 200w\" sizes=\"(max-width: 200px) 100vw, 200px\" \/><\/div><\/div><div class=\"person-desc\"><div class=\"person-author\"><div class=\"person-author-wrapper\"><span class=\"person-name\">Nina Lindahl<\/span><span class=\"person-title\"><\/span><\/div><\/div><div class=\"person-content fusion-clearfix\"><a href=\"tel:0407078638\">040 707 8638<\/a><br \/>\nnina.lindahl(at)fysioninja.fi<\/p>\n<p>Zonterapeutisk baby-mass\u00f6r och ammningsr\u00e5dgivare, hot stone mass\u00f6r och fotv\u00e5rdare<\/div><\/div><\/div><div class=\"fusion-clearfix\"><\/div><\/div><\/div><\/div><\/div>\n<div class=\"fusion-fullwidth fullwidth-box fusion-builder-row-4 hundred-percent-fullwidth non-hundred-percent-height-scrolling\" style=\"--awb-border-radius-top-left:0px;--awb-border-radius-top-right:0px;--awb-border-radius-bottom-right:0px;--awb-border-radius-bottom-left:0px;--awb-padding-top:0px;--awb-padding-right:0px;--awb-padding-bottom:0px;--awb-padding-left:0px;--awb-flex-wrap:wrap;\" ><div class=\"fusion-builder-row fusion-row\"><div class=\"fusion-layout-column fusion_builder_column fusion-builder-column-9 fusion_builder_column_1_1 1_1 fusion-one-full fusion-column-first fusion-column-last\" style=\"--awb-bg-size:cover;--awb-margin-bottom:0px;\"><div class=\"fusion-column-wrapper fusion-flex-column-wrapper-legacy\"><div class=\"shortcode-map fusion-google-map fusion-maps-embed-type\"><iframe width=\"100%\" height=\"400px\" frameborder=\"0\" style=\"border:0\" src=\"https:\/\/www.google.com\/maps\/embed\/v1\/place?key=AIzaSyDCDbmQTjXEj6gytQGWOVvGAC0UJvNPYSw&language=sv&q=Kalastajatorpantie+10,+Helsinki&maptype=roadmap&zoom=13\" allowfullscreen><\/iframe><\/div><div class=\"fusion-clearfix\"><\/div><\/div><\/div><\/div><\/div><\/p>\n","protected":false},"excerpt":{"rendered":"","protected":false},"author":1,"featured_media":0,"parent":0,"menu_order":0,"comment_status":"closed","ping_status":"closed","template":"100-width.php","meta":{"footnotes":""},"class_list":["post-886","page","type-page","status-publish","hentry"],"_links":{"self":[{"href":"https:\/\/www.fysioninja.fi\/sv\/wp-json\/wp\/v2\/pages\/886","targetHints":{"allow":["GET"]}}],"collection":[{"href":"https:\/\/www.fysioninja.fi\/sv\/wp-json\/wp\/v2\/pages"}],"about":[{"href":"https:\/\/www.fysioninja.fi\/sv\/wp-json\/wp\/v2\/types\/page"}],"author":[{"embeddable":true,"href":"https:\/\/www.fysioninja.fi\/sv\/wp-json\/wp\/v2\/users\/1"}],"replies":[{"embeddable":true,"href":"https:\/\/www.fysioninja.fi\/sv\/wp-json\/wp\/v2\/comments?post=886"}],"version-history":[{"count":21,"href":"https:\/\/www.fysioninja.fi\/sv\/wp-json\/wp\/v2\/pages\/886\/revisions"}],"predecessor-version":[{"id":1266,"href":"https:\/\/www.fysioninja.fi\/sv\/wp-json\/wp\/v2\/pages\/886\/revisions\/1266"}],"wp:attachment":[{"href":"https:\/\/www.fysioninja.fi\/sv\/wp-json\/wp\/v2\/media?parent=886"}],"curies":[{"name":"wp","href":"https:\/\/api.w.org\/{rel}","templated":true}]}}