{"id":872,"date":"2018-12-11T12:37:27","date_gmt":"2018-12-11T10:37:27","guid":{"rendered":"https:\/\/kotisivuboxi.fi\/asiakkaat\/fysioninja\/?page_id=872"},"modified":"2025-05-11T21:38:19","modified_gmt":"2025-05-11T18:38:19","slug":"het-sten-massage","status":"publish","type":"page","link":"https:\/\/www.fysioninja.fi\/sv\/het-sten-massage\/","title":{"rendered":"Het Sten Massage"},"content":{"rendered":"<p><div class=\"fusion-fullwidth fullwidth-box fusion-builder-row-1 nonhundred-percent-fullwidth non-hundred-percent-height-scrolling\" style=\"--awb-border-radius-top-left:0px;--awb-border-radius-top-right:0px;--awb-border-radius-bottom-right:0px;--awb-border-radius-bottom-left:0px;--awb-margin-top:80px;--awb-flex-wrap:wrap;\" ><div class=\"fusion-builder-row fusion-row\"><div class=\"fusion-layout-column fusion_builder_column fusion-builder-column-0 fusion_builder_column_1_1 1_1 fusion-one-full fusion-column-first fusion-column-last\" style=\"--awb-bg-size:cover;\"><div class=\"fusion-column-wrapper fusion-flex-column-wrapper-legacy\"><div class=\"fusion-image-element fusion-image-align-center in-legacy-container\" style=\"text-align:center;--awb-caption-title-font-family:var(--h2_typography-font-family);--awb-caption-title-font-weight:var(--h2_typography-font-weight);--awb-caption-title-font-style:var(--h2_typography-font-style);--awb-caption-title-size:var(--h2_typography-font-size);--awb-caption-title-transform:var(--h2_typography-text-transform);--awb-caption-title-line-height:var(--h2_typography-line-height);--awb-caption-title-letter-spacing:var(--h2_typography-letter-spacing);\"><div class=\"imageframe-align-center\"><span class=\" fusion-imageframe imageframe-none imageframe-1 hover-type-none\"><img decoding=\"async\" width=\"1296\" height=\"277\" alt=\"Hot Sten Massage\" title=\"kuumakivihieronta\" src=\"https:\/\/www.fysioninja.fi\/wp-content\/uploads\/kuumakivihieronta.jpg\" class=\"img-responsive wp-image-1161\" srcset=\"https:\/\/www.fysioninja.fi\/wp-content\/uploads\/kuumakivihieronta-200x43.jpg 200w, https:\/\/www.fysioninja.fi\/wp-content\/uploads\/kuumakivihieronta-400x85.jpg 400w, https:\/\/www.fysioninja.fi\/wp-content\/uploads\/kuumakivihieronta-600x128.jpg 600w, https:\/\/www.fysioninja.fi\/wp-content\/uploads\/kuumakivihieronta-800x171.jpg 800w, https:\/\/www.fysioninja.fi\/wp-content\/uploads\/kuumakivihieronta-1200x256.jpg 1200w, https:\/\/www.fysioninja.fi\/wp-content\/uploads\/kuumakivihieronta.jpg 1296w\" sizes=\"(max-width: 900px) 100vw, 1296px\" \/><\/span><\/div><\/div><div class=\"fusion-clearfix\"><\/div><\/div><\/div><\/div><\/div><div class=\"fusion-fullwidth fullwidth-box fusion-builder-row-2 nonhundred-percent-fullwidth non-hundred-percent-height-scrolling\" style=\"--awb-border-radius-top-left:0px;--awb-border-radius-top-right:0px;--awb-border-radius-bottom-right:0px;--awb-border-radius-bottom-left:0px;--awb-margin-top:10px;--awb-flex-wrap:wrap;\" ><div class=\"fusion-builder-row fusion-row\"><div class=\"fusion-layout-column fusion_builder_column fusion-builder-column-1 fusion_builder_column_1_1 1_1 fusion-one-full fusion-column-first fusion-column-last\" style=\"--awb-bg-size:cover;--awb-margin-bottom:0px;\"><div class=\"fusion-column-wrapper fusion-flex-column-wrapper-legacy\"><div class=\"fusion-title title fusion-title-1 sep-underline sep-dotted fusion-title-text fusion-title-size-one\"><h1 class=\"fusion-title-heading title-heading-left fusion-responsive-typography-calculated\" style=\"margin:0;--fontSize:44;line-height:1.2;\"><h1 style=\"text-align: left;\"><span style=\"color: #021730;\">HET STEN MASSAGE<\/span><span style=\"color: #021730; font-size: 24px;\"> &#8211; Hot Stone Massage<\/span><\/h1><\/h1><\/div><div class=\"fusion-clearfix\"><\/div><\/div><\/div><div class=\"fusion-layout-column fusion_builder_column fusion-builder-column-2 fusion_builder_column_3_5 3_5 fusion-three-fifth fusion-column-first\" style=\"--awb-bg-size:cover;--awb-margin-top:20px;width:60%;width:calc(60% - ( ( 4% ) * 0.6 ) );margin-right: 4%;\"><div class=\"fusion-column-wrapper fusion-flex-column-wrapper-legacy\"><div class=\"fusion-text fusion-text-1\"><p><strong>Hot\u00a0stone\u00a0massage \u00e4r en \u00f6ver tusen \u00e5r gammal behandling<\/strong>\u00a0med ursprung i Indien och Hawaii. Stenarna har anv\u00e4nts som del av v\u00e4sterl\u00e4ndsk medicin f\u00f6r att behandla olika sm\u00e4rttillst\u00e5nd och kroniska sjukdomar. Behandlingen \u00e4r v\u00e4ldigt avslappnande, stressfrig\u00f6rande och sm\u00e4rtlindrande.<\/p>\n<p><strong>\u00a0<\/strong><strong>Massagen g\u00f6rs med varma stenar,<\/strong>\u00a0p\u00e5 naturlig v\u00e4g formade basaltstenar och som olja anv\u00e4nds\u00a0ayurvedisk\u00a0\u00f6rtolja. D\u00e5 dessa stenar frig\u00f6r v\u00e4rme, p\u00e5verkar de hela kroppen med att reng\u00f6ra, slappna av och energisera den. Stenarna k\u00e4nns v\u00e4ldigt mjuka p\u00e5 huden, de sprider en j\u00e4mn v\u00e4rme som stannar kvar \u00f6ver hela kroppen och k\u00e4nns behaglig i hela kroppen \u00e4ven efter behandlingen. Massagen balanserar nervsystemets funktion, frig\u00f6r effektivt stress och muskelsp\u00e4nningstillst\u00e5nd. Dessutom f\u00f6rb\u00e4ttrar den hela kroppens v\u00e4lm\u00e5ende och funktion.<\/p>\n<p><strong>EFFEKTER AV HET STEN MASSAGE:<\/strong><\/p>\n<p><strong>D\u00e5 man masserar muskelv\u00e4vnaden med de heta stenarna s\u00e5 n\u00e5r effekten och v\u00e4rmen av de heta stenarna ca 3 cm djupt in i v\u00e4vnaden.<\/strong><\/p>\n<ul>\n<li>I het sten massage verkar v\u00e4rmen djupt in i musklerna, effekten \u00e4r dubbel j\u00e4mf\u00f6rt med vanlig massage<\/li>\n<li>Muskelsp\u00e4nningar f\u00f6rsvinner<\/li>\n<li>V\u00e4rme och energi \u00f6kar hudens \u00e4mnesoms\u00e4ttning vilket har en\u00a0positiv effekt p\u00e5 kroppens lymfa- och blodcirkulation<\/li>\n<li>Slaggprodukterna uts\u00f6ndras effektivare<\/li>\n<li>Kroppen och sinnet slappar av och den heta stenmassagen underl\u00e4ttar\u00a0stress, tr\u00f6tthet och s\u00f6mnl\u00f6shet<\/li>\n<\/ul>\n<p><strong>Het sten massage \u00e4r en omfattande, helhetsm\u00e4ssig lyxbehandling som mjukar och uppfriskar kroppen.<\/strong><\/p>\n<\/div><div class=\"fusion-sep-clear\"><\/div><div class=\"fusion-separator fusion-full-width-sep\" style=\"margin-left: auto;margin-right: auto;margin-top:15px;width:100%;\"><\/div><div class=\"fusion-sep-clear\"><\/div><div class=\"fusion-clearfix\"><\/div><\/div><\/div><div class=\"fusion-layout-column fusion_builder_column fusion-builder-column-3 fusion_builder_column_2_5 2_5 fusion-two-fifth fusion-column-last\" style=\"--awb-bg-size:cover;width:40%;width:calc(40% - ( ( 4% ) * 0.4 ) );\"><div class=\"fusion-column-wrapper fusion-flex-column-wrapper-legacy\"><div class=\"fusion-title title fusion-title-2 fusion-sep-none fusion-title-center fusion-title-text fusion-title-size-three\" style=\"--awb-margin-bottom:15px;\"><h3 class=\"fusion-title-heading title-heading-center fusion-responsive-typography-calculated\" style=\"margin:0;--fontSize:22;--minFontSize:22;line-height:1.5;\"><h3 style=\"text-align: center;\"><span style=\"color: #021730;\">PRISLISTA<\/span><\/h3><\/h3><\/div>\n<div class=\"table-1\">\n<table width=\"100%\">\n<thead>\n<tr>\n<th align=\"left\">L\u00e4ngd<\/th>\n<th align=\"left\">Pris<\/th>\n<\/tr>\n<\/thead>\n<tbody>\n<tr>\n<td align=\"left\">45 min (Nina)<\/td>\n<td align=\"left\">60 \u20ac<\/td>\n<\/tr>\n<tr>\n<td align=\"left\">60 min (Nina)<\/td>\n<td align=\"left\">70 \u20ac<\/td>\n<\/tr>\n<tr>\n<td align=\"left\">45 min (Bettina)<\/td>\n<td align=\"left\">70 \u20ac<\/td>\n<\/tr>\n<tr>\n<td align=\"left\">60 min (Bettina)<\/td>\n<td align=\"left\">80 \u20ac<\/td>\n<\/tr>\n<\/tbody>\n<\/table>\n<\/div>\n<div class=\"fusion-sep-clear\"><\/div><div class=\"fusion-separator fusion-full-width-sep\" style=\"margin-left: auto;margin-right: auto;margin-top:25px;width:100%;\"><\/div><div class=\"fusion-sep-clear\"><\/div><div class=\"fusion-aligncenter\"><a class=\"fusion-button button-3d button-large button-custom fusion-button-default button-1 fusion-button-default-span \" style=\"--button_bevel_color:#021730;--button_accent_color:#f4f4f4;--button_border_color:#f4f4f4;--button_accent_hover_color:#021730;--button_border_hover_color:#021730;--button_border_width-top:0px;--button_border_width-right:0px;--button_border_width-bottom:0px;--button_border_width-left:0px;--button_gradient_top_color:#021730;--button_gradient_bottom_color:#021730;--button_gradient_top_color_hover:#f4f4f4;--button_gradient_bottom_color_hover:#f4f4f4;\" target=\"_self\" href=\"https:\/\/www.fysioninja.fi\/nettiajanvaraus\/\" id=\"button-font\"><span class=\"fusion-button-text awb-button__text awb-button__text--default\">N\u00c4TTIDSBEST\u00c4LLNING<\/span><\/a><\/div><div class=\"fusion-sep-clear\"><\/div><div class=\"fusion-separator fusion-full-width-sep\" style=\"margin-left: auto;margin-right: auto;margin-top:25px;width:100%;\"><\/div><div class=\"fusion-sep-clear\"><\/div><div class=\"fusion-title title fusion-title-3 fusion-sep-none fusion-title-center fusion-title-text fusion-title-size-five\" style=\"--awb-margin-top:10px;--awb-margin-bottom:0px;\"><h5 class=\"fusion-title-heading title-heading-center fusion-responsive-typography-calculated\" style=\"margin:0;--fontSize:18;--minFontSize:18;line-height:1.5;\"><h5>V\u00e5ra n\u00f6jda kunder ber\u00e4ttar (bl\u00e4ddra genom att klicka p\u00e5 bollarna)<\/h5><\/h5><\/div>\n<div class=\"fusion-testimonials clean awb-speech-bubble-show fusion-testimonials-1\" style=\"--awb-textcolor:#747474;--awb-backgroundcolor:#ffffff;--awb-testimonial-border-style:solid;--awb-testimonial-border-color:var(--awb-color3);--awb-border-top-left-radius:0px;--awb-border-top-right-radius:0px;--awb-border-bottom-left-radius:0px;--awb-border-bottom-right-radius:0px;--testimonial-border-width-top:0px;--testimonial-border-width-right:0px;--testimonial-border-width-bottom:0px;--testimonial-border-width-left:0px;\" data-random=\"0\" data-speed=\"0\"><div class=\"reviews\"><div class=\"review active-testimonial avatar-above no-avatar\"><blockquote class=\"testimonials-shortcode-blockquote\"><div class=\"awb-quote\"><div class=\"awb-quote-content\">\n<p>Jag har jobbat med Bettina i tv\u00e5 omg\u00e5ngar och \u00e4r j\u00e4tten\u00f6jd med de resultat vi uppn\u00e5tt tillsammans. Bettina \u00e4r alltid positiv, uppmuntrande och lyh\u00f6rd. Hot stone massagen och laserbehandling har varit till stor hj\u00e4lp mot v\u00e4rk. Jag rekommenderar Bettina varmt till alla som beh\u00f6ver hj\u00e4lp med att komma ig\u00e5ng med en f\u00f6r\u00e4ndring.<\/p>\n<\/div><\/div><\/blockquote><div class=\"author\"><span class=\"company-name\"><strong>TB<\/strong><\/span><\/div><\/div><div class=\"review avatar-above no-avatar\"><blockquote class=\"testimonials-shortcode-blockquote\"><div class=\"awb-quote\"><div class=\"awb-quote-content\">\n<p style=\"text-align: center;\"><a href=\"https:\/\/www.fysioninja.fi\/palautteet\/\">L\u00e4s mera kommentarer fr\u00e5n feedback sidan \u00bb<\/a><\/p>\n<\/div><\/div><\/blockquote><div class=\"author\"><span class=\"company-name\"><\/span><\/div><\/div><\/div><div class=\"testimonial-pagination\" id=\"fusion-testimonials-1\"><a href=\"#\" aria-label=\"Testimonial Pagination\"  class=\"activeSlide\"><\/a><a href=\"#\" aria-label=\"Testimonial Pagination\" ><\/a><\/div><\/div><div class=\"fusion-clearfix\"><\/div><\/div><\/div><\/div><\/div><div class=\"fusion-fullwidth fullwidth-box fusion-builder-row-3 nonhundred-percent-fullwidth non-hundred-percent-height-scrolling\" style=\"--awb-border-radius-top-left:0px;--awb-border-radius-top-right:0px;--awb-border-radius-bottom-right:0px;--awb-border-radius-bottom-left:0px;--awb-flex-wrap:wrap;\" ><div class=\"fusion-builder-row fusion-row\"><div class=\"fusion-layout-column fusion_builder_column fusion-builder-column-4 fusion_builder_column_1_4 1_4 fusion-one-fourth fusion-column-first\" style=\"--awb-bg-size:cover;width:25%;width:calc(25% - ( ( 4% + 4% + 4% ) * 0.25 ) );margin-right: 4%;\"><div class=\"fusion-column-wrapper fusion-flex-column-wrapper-legacy\"><div class=\"fusion-person person fusion-person-center fusion-person-1 fusion-person-icon-top\" style=\"--awb-pic-style-color:#000000;--awb-pic-borderradius:0px;--awb-margin-top:0px;--awb-margin-right:0px;--awb-margin-bottom:0px;--awb-margin-left:0px;--awb-social-box-border-top:0px;--awb-social-box-border-right:0px;--awb-social-box-border-bottom:0px;--awb-social-box-border-left:0px;--awb-social-box-border-color:var(--awb-color3);--awb-social-box-border-color-hover:var(--awb-color4);--awb-social-box-colors-hover:rgba(232,232,232,0.8);--awb-social-icon-boxed-colors:#e8e8e8;--awb-social-icon-colors:#bebdbd;--awb-social-icon-colors-hover:rgba(190,189,189,0.8);\"><div class=\"person-shortcode-image-wrapper\"><div class=\"person-image-container hover-type-none\" style=\"border:0px solid #f6f6f6;-webkit-border-radius:0px;-moz-border-radius:0px;border-radius:0px;\"><img decoding=\"async\" class=\"person-img img-responsive wp-image-1170\" width=\"200\" height=\"200\" src=\"https:\/\/www.fysioninja.fi\/wp-content\/uploads\/ebe_lindahl_200x200_pink.jpg\" alt=\"Ebe Lindahl\" srcset=\"https:\/\/www.fysioninja.fi\/wp-content\/uploads\/ebe_lindahl_200x200_pink-66x66.jpg 66w, https:\/\/www.fysioninja.fi\/wp-content\/uploads\/ebe_lindahl_200x200_pink-150x150.jpg 150w, https:\/\/www.fysioninja.fi\/wp-content\/uploads\/ebe_lindahl_200x200_pink.jpg 200w\" sizes=\"(max-width: 200px) 100vw, 200px\" \/><\/div><\/div><div class=\"person-desc\"><div class=\"person-author\"><div class=\"person-author-wrapper\"><span class=\"person-name\">Ebe Lindahl<\/span><span class=\"person-title\"><\/span><\/div><\/div><div class=\"person-content fusion-clearfix\"><a href=\"tel:0400472132\">0400 472 132<\/a><br \/>\neba.lindahl(at)fysioninja.fi<\/p>\n<p>Sjuksk\u00f6tare, lymfaterapeut, zonterapeut, laserv\u00e5rdare<\/div><\/div><\/div><div class=\"fusion-clearfix\"><\/div><\/div><\/div><div class=\"fusion-layout-column fusion_builder_column fusion-builder-column-5 fusion_builder_column_1_4 1_4 fusion-one-fourth\" style=\"--awb-bg-size:cover;width:25%;width:calc(25% - ( ( 4% + 4% + 4% ) * 0.25 ) );margin-right: 4%;\"><div class=\"fusion-column-wrapper fusion-flex-column-wrapper-legacy\"><div class=\"fusion-person person fusion-person-center fusion-person-2 fusion-person-icon-top\" style=\"--awb-pic-style-color:#000000;--awb-pic-borderradius:0px;--awb-margin-top:0px;--awb-margin-right:0px;--awb-margin-bottom:0px;--awb-margin-left:0px;--awb-social-box-border-top:0px;--awb-social-box-border-right:0px;--awb-social-box-border-bottom:0px;--awb-social-box-border-left:0px;--awb-social-box-border-color:var(--awb-color3);--awb-social-box-border-color-hover:var(--awb-color4);--awb-social-box-colors-hover:rgba(232,232,232,0.8);--awb-social-icon-boxed-colors:#e8e8e8;--awb-social-icon-colors:#bebdbd;--awb-social-icon-colors-hover:rgba(190,189,189,0.8);\"><div class=\"person-shortcode-image-wrapper\"><div class=\"person-image-container hover-type-none\" style=\"border:0px solid #f6f6f6;-webkit-border-radius:0px;-moz-border-radius:0px;border-radius:0px;\"><img decoding=\"async\" class=\"person-img img-responsive wp-image-1172\" width=\"200\" height=\"200\" src=\"https:\/\/www.fysioninja.fi\/wp-content\/uploads\/bettina_heiskari_200x200_pink.jpg\" alt=\"Bettina Heiskari (o.s. Lindahl)\" srcset=\"https:\/\/www.fysioninja.fi\/wp-content\/uploads\/bettina_heiskari_200x200_pink-66x66.jpg 66w, https:\/\/www.fysioninja.fi\/wp-content\/uploads\/bettina_heiskari_200x200_pink-150x150.jpg 150w, https:\/\/www.fysioninja.fi\/wp-content\/uploads\/bettina_heiskari_200x200_pink.jpg 200w\" sizes=\"(max-width: 200px) 100vw, 200px\" \/><\/div><\/div><div class=\"person-desc\"><div class=\"person-author\"><div class=\"person-author-wrapper\"><span class=\"person-name\">Bettina Heiskari (o.s. Lindahl)<\/span><span class=\"person-title\"><\/span><\/div><\/div><div class=\"person-content fusion-clearfix\"><a href=\"tel:0407754048\">040 775 4048<\/a><br \/>\nbettina.heiskari(at)fysioninja.fi<\/p>\n<p>Fysioterapeut, Personal Fysio Trainer, laserv\u00e5rdare, hot-stone mass\u00f6r<\/div><\/div><\/div><div class=\"fusion-clearfix\"><\/div><\/div><\/div><div class=\"fusion-layout-column fusion_builder_column fusion-builder-column-6 fusion_builder_column_1_4 1_4 fusion-one-fourth\" style=\"--awb-bg-size:cover;width:25%;width:calc(25% - ( ( 4% + 4% + 4% ) * 0.25 ) );margin-right: 4%;\"><div class=\"fusion-column-wrapper fusion-flex-column-wrapper-legacy\"><div class=\"fusion-person person fusion-person-center fusion-person-3 fusion-person-icon-top\" style=\"--awb-pic-style-color:#000000;--awb-pic-borderradius:0px;--awb-margin-top:0px;--awb-margin-right:0px;--awb-margin-bottom:0px;--awb-margin-left:0px;--awb-social-box-border-top:0px;--awb-social-box-border-right:0px;--awb-social-box-border-bottom:0px;--awb-social-box-border-left:0px;--awb-social-box-border-color:var(--awb-color3);--awb-social-box-border-color-hover:var(--awb-color4);--awb-social-box-colors-hover:rgba(232,232,232,0.8);--awb-social-icon-boxed-colors:#e8e8e8;--awb-social-icon-colors:#bebdbd;--awb-social-icon-colors-hover:rgba(190,189,189,0.8);\"><div class=\"person-shortcode-image-wrapper\"><div class=\"person-image-container hover-type-none\" style=\"border:0px solid #f6f6f6;-webkit-border-radius:0px;-moz-border-radius:0px;border-radius:0px;\"><img decoding=\"async\" class=\"person-img img-responsive wp-image-1174\" width=\"200\" height=\"200\" src=\"https:\/\/www.fysioninja.fi\/wp-content\/uploads\/thomas_lindahl_200x200.jpg\" alt=\"Thomas Lindahl\" srcset=\"https:\/\/www.fysioninja.fi\/wp-content\/uploads\/thomas_lindahl_200x200-66x66.jpg 66w, https:\/\/www.fysioninja.fi\/wp-content\/uploads\/thomas_lindahl_200x200-150x150.jpg 150w, https:\/\/www.fysioninja.fi\/wp-content\/uploads\/thomas_lindahl_200x200.jpg 200w\" sizes=\"(max-width: 200px) 100vw, 200px\" \/><\/div><\/div><div class=\"person-desc\"><div class=\"person-author\"><div class=\"person-author-wrapper\"><span class=\"person-name\">Thomas Lindahl<\/span><span class=\"person-title\"><\/span><\/div><\/div><div class=\"person-content fusion-clearfix\"><a href=\"tel:0407174828\">040 717 4828<\/a><br \/>\nthomas.lindahl(at)fysioninja.fi<\/p>\n<p>Osteopat, idrottsmass\u00f6r, klassisk mass\u00f6r, laserv\u00e5rdare <\/div><\/div><\/div><div class=\"fusion-clearfix\"><\/div><\/div><\/div><div class=\"fusion-layout-column fusion_builder_column fusion-builder-column-7 fusion_builder_column_1_4 1_4 fusion-one-fourth fusion-column-last\" style=\"--awb-bg-size:cover;width:25%;width:calc(25% - ( ( 4% + 4% + 4% ) * 0.25 ) );\"><div class=\"fusion-column-wrapper fusion-flex-column-wrapper-legacy\"><div class=\"fusion-person person fusion-person-center fusion-person-4 fusion-person-icon-top\" style=\"--awb-pic-style-color:#000000;--awb-pic-borderradius:0px;--awb-margin-top:0px;--awb-margin-right:0px;--awb-margin-bottom:0px;--awb-margin-left:0px;--awb-social-box-border-top:0px;--awb-social-box-border-right:0px;--awb-social-box-border-bottom:0px;--awb-social-box-border-left:0px;--awb-social-box-border-color:var(--awb-color3);--awb-social-box-border-color-hover:var(--awb-color4);--awb-social-box-colors-hover:rgba(232,232,232,0.8);--awb-social-icon-boxed-colors:#e8e8e8;--awb-social-icon-colors:#bebdbd;--awb-social-icon-colors-hover:rgba(190,189,189,0.8);\"><div class=\"person-shortcode-image-wrapper\"><div class=\"person-image-container hover-type-none\" style=\"border:0px solid #f6f6f6;-webkit-border-radius:0px;-moz-border-radius:0px;border-radius:0px;\"><img decoding=\"async\" class=\"person-img img-responsive wp-image-1176\" width=\"200\" height=\"200\" src=\"https:\/\/www.fysioninja.fi\/wp-content\/uploads\/atte_kauppi_200x200.jpg\" alt=\"Atte Kauppi\" srcset=\"https:\/\/www.fysioninja.fi\/wp-content\/uploads\/atte_kauppi_200x200-66x66.jpg 66w, https:\/\/www.fysioninja.fi\/wp-content\/uploads\/atte_kauppi_200x200-150x150.jpg 150w, https:\/\/www.fysioninja.fi\/wp-content\/uploads\/atte_kauppi_200x200.jpg 200w\" sizes=\"(max-width: 200px) 100vw, 200px\" \/><\/div><\/div><div class=\"person-desc\"><div class=\"person-author\"><div class=\"person-author-wrapper\"><span class=\"person-name\">Atte Kauppi<\/span><span class=\"person-title\"><\/span><\/div><\/div><div class=\"person-content fusion-clearfix\"><a href=\"tel:0503043215\">050 304 3215<\/a><br \/>\natte.kauppi(at)fysioninja.fi<\/p>\n<p>Osteopat, idrottsmass\u00f6r, klassisk mass\u00f6r<\/div><\/div><\/div><div class=\"fusion-clearfix\"><\/div><\/div><\/div><div class=\"fusion-layout-column fusion_builder_column fusion-builder-column-8 fusion_builder_column_1_4 1_4 fusion-one-fourth fusion-column-first\" style=\"--awb-bg-size:cover;width:25%;width:calc(25% - ( ( 4% ) * 0.25 ) );margin-right: 4%;\"><div class=\"fusion-column-wrapper fusion-flex-column-wrapper-legacy\"><div class=\"fusion-person person fusion-person-center fusion-person-5 fusion-person-icon-top\" style=\"--awb-pic-style-color:#000000;--awb-pic-borderradius:0px;--awb-margin-top:0px;--awb-margin-right:0px;--awb-margin-bottom:0px;--awb-margin-left:0px;--awb-social-box-border-top:0px;--awb-social-box-border-right:0px;--awb-social-box-border-bottom:0px;--awb-social-box-border-left:0px;--awb-social-box-border-color:var(--awb-color3);--awb-social-box-border-color-hover:var(--awb-color4);--awb-social-box-colors-hover:rgba(232,232,232,0.8);--awb-social-icon-boxed-colors:#e8e8e8;--awb-social-icon-colors:#bebdbd;--awb-social-icon-colors-hover:rgba(190,189,189,0.8);\"><div class=\"person-shortcode-image-wrapper\"><div class=\"person-image-container hover-type-none\" style=\"border:0px solid #f6f6f6;-webkit-border-radius:0px;-moz-border-radius:0px;border-radius:0px;\"><img decoding=\"async\" class=\"person-img img-responsive wp-image-1503\" width=\"200\" height=\"200\" src=\"https:\/\/www.fysioninja.fi\/wp-content\/uploads\/nina_lindahl_200x200.jpg\" alt=\"Nina Lindahl\" srcset=\"https:\/\/www.fysioninja.fi\/wp-content\/uploads\/nina_lindahl_200x200-66x66.jpg 66w, https:\/\/www.fysioninja.fi\/wp-content\/uploads\/nina_lindahl_200x200-150x150.jpg 150w, https:\/\/www.fysioninja.fi\/wp-content\/uploads\/nina_lindahl_200x200.jpg 200w\" sizes=\"(max-width: 200px) 100vw, 200px\" \/><\/div><\/div><div class=\"person-desc\"><div class=\"person-author\"><div class=\"person-author-wrapper\"><span class=\"person-name\">Nina Lindahl<\/span><span class=\"person-title\"><\/span><\/div><\/div><div class=\"person-content fusion-clearfix\"><a href=\"tel:0407078638\">040 707 8638<\/a><br \/>\nnina.lindahl(at)fysioninja.fi<\/p>\n<p>Zonterapeutisk baby-mass\u00f6r och ammningsr\u00e5dgivare, hot stone mass\u00f6r och fotv\u00e5rdare<\/div><\/div><\/div><div class=\"fusion-clearfix\"><\/div><\/div><\/div><\/div><\/div>\n<div class=\"fusion-fullwidth fullwidth-box fusion-builder-row-4 hundred-percent-fullwidth non-hundred-percent-height-scrolling\" style=\"--awb-border-radius-top-left:0px;--awb-border-radius-top-right:0px;--awb-border-radius-bottom-right:0px;--awb-border-radius-bottom-left:0px;--awb-padding-top:0px;--awb-padding-right:0px;--awb-padding-bottom:0px;--awb-padding-left:0px;--awb-flex-wrap:wrap;\" ><div class=\"fusion-builder-row fusion-row\"><div class=\"fusion-layout-column fusion_builder_column fusion-builder-column-9 fusion_builder_column_1_1 1_1 fusion-one-full fusion-column-first fusion-column-last\" style=\"--awb-bg-size:cover;--awb-margin-bottom:0px;\"><div class=\"fusion-column-wrapper fusion-flex-column-wrapper-legacy\"><div class=\"shortcode-map fusion-google-map fusion-maps-embed-type\"><iframe width=\"100%\" height=\"400px\" frameborder=\"0\" style=\"border:0\" src=\"https:\/\/www.google.com\/maps\/embed\/v1\/place?key=AIzaSyDCDbmQTjXEj6gytQGWOVvGAC0UJvNPYSw&language=sv&q=Kalastajatorpantie+10,+Helsinki&maptype=roadmap&zoom=13\" allowfullscreen><\/iframe><\/div><div class=\"fusion-clearfix\"><\/div><\/div><\/div><\/div><\/div><\/p>\n","protected":false},"excerpt":{"rendered":"","protected":false},"author":1,"featured_media":0,"parent":0,"menu_order":0,"comment_status":"closed","ping_status":"closed","template":"100-width.php","meta":{"footnotes":""},"class_list":["post-872","page","type-page","status-publish","hentry"],"_links":{"self":[{"href":"https:\/\/www.fysioninja.fi\/sv\/wp-json\/wp\/v2\/pages\/872","targetHints":{"allow":["GET"]}}],"collection":[{"href":"https:\/\/www.fysioninja.fi\/sv\/wp-json\/wp\/v2\/pages"}],"about":[{"href":"https:\/\/www.fysioninja.fi\/sv\/wp-json\/wp\/v2\/types\/page"}],"author":[{"embeddable":true,"href":"https:\/\/www.fysioninja.fi\/sv\/wp-json\/wp\/v2\/users\/1"}],"replies":[{"embeddable":true,"href":"https:\/\/www.fysioninja.fi\/sv\/wp-json\/wp\/v2\/comments?post=872"}],"version-history":[{"count":19,"href":"https:\/\/www.fysioninja.fi\/sv\/wp-json\/wp\/v2\/pages\/872\/revisions"}],"predecessor-version":[{"id":1607,"href":"https:\/\/www.fysioninja.fi\/sv\/wp-json\/wp\/v2\/pages\/872\/revisions\/1607"}],"wp:attachment":[{"href":"https:\/\/www.fysioninja.fi\/sv\/wp-json\/wp\/v2\/media?parent=872"}],"curies":[{"name":"wp","href":"https:\/\/api.w.org\/{rel}","templated":true}]}}