{"id":1106,"date":"2018-12-28T21:17:06","date_gmt":"2018-12-28T19:17:06","guid":{"rendered":"https:\/\/kotisivuboxi.fi\/asiakkaat\/fysioninja\/?page_id=1106"},"modified":"2025-12-10T12:00:58","modified_gmt":"2025-12-10T10:00:58","slug":"bestall-presentkort","status":"publish","type":"page","link":"https:\/\/www.fysioninja.fi\/sv\/bestall-presentkort\/","title":{"rendered":"Best\u00e4ll presentkort"},"content":{"rendered":"<div class=\"fusion-fullwidth fullwidth-box fusion-builder-row-1 nonhundred-percent-fullwidth non-hundred-percent-height-scrolling\" style=\"--awb-border-radius-top-left:0px;--awb-border-radius-top-right:0px;--awb-border-radius-bottom-right:0px;--awb-border-radius-bottom-left:0px;--awb-flex-wrap:wrap;\" ><div class=\"fusion-builder-row fusion-row\"><div class=\"fusion-layout-column fusion_builder_column fusion-builder-column-0 fusion_builder_column_1_1 1_1 fusion-one-full fusion-column-first fusion-column-last\" style=\"--awb-bg-size:cover;\"><div class=\"fusion-column-wrapper fusion-flex-column-wrapper-legacy\"><div class=\"fusion-title title fusion-title-1 sep-underline sep-dotted fusion-title-text fusion-title-size-one\"><h1 class=\"fusion-title-heading title-heading-left fusion-responsive-typography-calculated\" style=\"margin:0;--fontSize:44;line-height:1.2;\"><h1>BEST\u00c4LL FYSIO NINJAS PRESENTKORT<\/h1><\/h1><\/div><div class=\"fusion-clearfix\"><\/div><\/div><\/div><div class=\"fusion-layout-column fusion_builder_column fusion-builder-column-1 fusion_builder_column_1_2 1_2 fusion-one-half fusion-column-first\" style=\"--awb-bg-size:cover;width:50%;width:calc(50% - ( ( 4% ) * 0.5 ) );margin-right: 4%;\"><div class=\"fusion-column-wrapper fusion-flex-column-wrapper-legacy\"><div class=\"fusion-text fusion-text-1\"><p><strong>Fysio Ninjas presentkort \u00e4r en utm\u00e4rkt g\u00e5va\u00a0<\/strong>och en trevlig \u00f6verraskning.<\/p>\n<p>V\u00e5ra m\u00e5ngsidiga behandlingar m\u00f6jligg\u00f6r ett komplett utbud av alternativ till presentkorten, s\u00e5 g\u00e5vans mottagare har mycket att v\u00e4lja mellan.<\/p>\n<p>Presentkorten levereras till \u00f6nskad adress antingen per post eller per e-post. Du kan \u00e4ven h\u00e4mta presentkorten direkt fr\u00e5n v\u00e5r mottagning.<\/p>\n<\/div><div class=\"fusion-clearfix\"><\/div><\/div><\/div><div class=\"fusion-layout-column fusion_builder_column fusion-builder-column-2 fusion_builder_column_1_2 1_2 fusion-one-half fusion-column-last\" style=\"--awb-bg-size:cover;width:50%;width:calc(50% - ( ( 4% ) * 0.5 ) );\"><div class=\"fusion-column-wrapper fusion-flex-column-wrapper-legacy\"><div class=\"fusion-image-element fusion-image-align-center in-legacy-container\" style=\"text-align:center;--awb-caption-title-font-family:var(--h2_typography-font-family);--awb-caption-title-font-weight:var(--h2_typography-font-weight);--awb-caption-title-font-style:var(--h2_typography-font-style);--awb-caption-title-size:var(--h2_typography-font-size);--awb-caption-title-transform:var(--h2_typography-text-transform);--awb-caption-title-line-height:var(--h2_typography-line-height);--awb-caption-title-letter-spacing:var(--h2_typography-letter-spacing);\"><div class=\"imageframe-align-center\"><span class=\" fusion-imageframe imageframe-none imageframe-1 hover-type-none\"><a href=\"https:\/\/www.fysioninja.fi\/wp-content\/uploads\/lahjakortti_sve_800x400.jpg\" class=\"fusion-lightbox\" data-rel=\"iLightbox[b43c2d7b6a5d5910aeb]\" data-title=\"Fysio Ninja presentkort\" title=\"lahjakortti_sve_401x200\"><img decoding=\"async\" width=\"401\" height=\"200\" alt=\"Fysio Ninja presentkort\" src=\"https:\/\/www.fysioninja.fi\/wp-content\/uploads\/lahjakortti_sve_401x200.jpg\" class=\"img-responsive wp-image-1398\" srcset=\"https:\/\/www.fysioninja.fi\/wp-content\/uploads\/lahjakortti_sve_401x200-200x100.jpg 200w, https:\/\/www.fysioninja.fi\/wp-content\/uploads\/lahjakortti_sve_401x200-400x200.jpg 400w, https:\/\/www.fysioninja.fi\/wp-content\/uploads\/lahjakortti_sve_401x200.jpg 401w\" sizes=\"(max-width: 900px) 100vw, 401px\" \/><\/a><\/span><\/div><\/div><div class=\"fusion-text fusion-text-2\"><p style=\"text-align: center;\"><span style=\"font-size: 11px;\">Presentkort &#8211; Du kan f\u00f6rstora bilden genom att klicka p\u00e5 den<\/span><\/p>\n<\/div><div class=\"fusion-clearfix\"><\/div><\/div><\/div><div class=\"fusion-layout-column fusion_builder_column fusion-builder-column-3 fusion_builder_column_1_2 1_2 fusion-one-half fusion-column-first\" style=\"--awb-bg-size:cover;width:50%;width:calc(50% - ( ( 4% ) * 0.5 ) );margin-right: 4%;\"><div class=\"fusion-column-wrapper fusion-flex-column-wrapper-legacy\"><div class=\"fusion-text fusion-text-3\"><p class=\"topPad\"><strong>Presentkorten kan enkelt best\u00e4llas online.<\/strong>\u00a0F\u00f6lj bara instruktionerna nedan.<\/p>\n<ul>\n<li>Starta best\u00e4llningsprocessen genom att klicka p\u00e5 \u2019Best\u00e4ll ditt presentkort\u2019 knappen<\/li>\n<li>Du kommer att styras till best\u00e4llningsformul\u00e4ret d\u00e4r du kan v\u00e4lja presentkortet du vill k\u00f6pa<\/li>\n<li>N\u00e4r du har fyllt i dina kontaktuppgifter kan du v\u00e4lja leveransmetoden f\u00f6r presentkortet i slutet av formul\u00e4ret<\/li>\n<li>Presentkortet skickas via post eller e-post till k\u00f6paren eller direkt till mottagaren av presentkortet<\/li>\n<li>Efter att du fyllt i formul\u00e4ret och tryckt p\u00e5 \u2019Tilaa lahjakortti\u2019 knappen skickas best\u00e4llningen till oss och du leds till betalningssidan. Betalningssidan inneh\u00e5ller all betalningsinformation<\/li>\n<li>Presentkortet postas eller skickas per e-post inom tv\u00e5 arbetsdagar efter det att betalningen anl\u00e4nt<\/li>\n<li>Priset inkluderar bearbetningsavgifter och leveranskostnader<\/li>\n<li>Presentkortet \u00e4r i kraft 12 m\u00e5nader<\/li>\n<\/ul>\n<\/div><div class=\"fusion-sep-clear\"><\/div><div class=\"fusion-separator fusion-full-width-sep\" style=\"margin-left: auto;margin-right: auto;margin-top:25px;width:100%;\"><\/div><div class=\"fusion-sep-clear\"><\/div><div class=\"fusion-aligncenter\"><a class=\"fusion-button button-3d button-large button-custom fusion-button-default button-1 fusion-button-default-span \" style=\"--button_bevel_color:#021730;--button_accent_color:#f4f4f4;--button_border_color:#f4f4f4;--button_accent_hover_color:#021730;--button_border_hover_color:#021730;--button_border_width-top:0px;--button_border_width-right:0px;--button_border_width-bottom:0px;--button_border_width-left:0px;--button_gradient_top_color:#021730;--button_gradient_bottom_color:#021730;--button_gradient_top_color_hover:#f4f4f4;--button_gradient_bottom_color_hover:#f4f4f4;\" target=\"_self\" href=\"https:\/\/www.fysioninja.fi\/lahjakortit\/\" id=\"button-font\"><span class=\"fusion-button-text awb-button__text awb-button__text--default\">BEST\u00c4LL DITT PRESENTKORT<\/span><\/a><\/div><div class=\"fusion-clearfix\"><\/div><\/div><\/div><div class=\"fusion-layout-column fusion_builder_column fusion-builder-column-4 fusion_builder_column_1_2 1_2 fusion-one-half fusion-column-last\" style=\"--awb-bg-size:cover;width:50%;width:calc(50% - ( ( 4% ) * 0.5 ) );\"><div class=\"fusion-column-wrapper fusion-flex-column-wrapper-legacy\"><div class=\"fusion-title title fusion-title-2 fusion-sep-none fusion-title-center fusion-title-text fusion-title-size-three\" style=\"--awb-margin-bottom:15px;\"><h3 class=\"fusion-title-heading title-heading-center fusion-responsive-typography-calculated\" style=\"margin:0;--fontSize:22;--minFontSize:22;line-height:1.5;\"><h3 style=\"text-align: center;\"><span style=\"color: #021730;\">PRISLISTA<\/span><\/h3><\/h3><\/div>\n<div class=\"table-1\">\n<table width=\"100%\">\n<thead>\n<tr>\n<th align=\"left\">Presentkort<\/th>\n<th align=\"left\">Pris<\/th>\n<\/tr>\n<\/thead>\n<tbody>\n<tr>\n<td align=\"left\">Massagepaket (Atte) 1&#215;45 min<\/td>\n<td align=\"left\">47 \u20ac<\/td>\n<\/tr>\n<tr>\n<td align=\"left\">Massagepaket (Atte) 3&#215;45 min<\/td>\n<td align=\"left\">135 \u20ac<\/td>\n<\/tr>\n<tr>\n<td align=\"left\">Massagepaket (Atte) 5&#215;45 min<\/td>\n<td align=\"left\">215 \u20ac<\/td>\n<\/tr>\n<tr>\n<td align=\"left\">Massagepaket (Atte) 3&#215;60 min<\/td>\n<td align=\"left\">165 \u20ac<\/td>\n<\/tr>\n<tr>\n<td align=\"left\">Massagepaket (Atte) 5&#215;60 min<\/td>\n<td align=\"left\">265 \u20ac<\/td>\n<\/tr>\n<tr>\n<td align=\"left\">Osteopati 1xbehandling<\/td>\n<td align=\"left\">70 \u20ac<\/td>\n<\/tr>\n<tr>\n<td align=\"left\">Osteopati 3xbehandling<\/td>\n<td align=\"left\">210 \u20ac<\/td>\n<\/tr>\n<tr>\n<td align=\"left\">Osteopati 5xbehandling<\/td>\n<td align=\"left\">350 \u20ac<\/td>\n<\/tr>\n<tr>\n<td align=\"left\">Hot Stone Massage (Nina) 1x45min<\/td>\n<td align=\"left\">60 \u20ac<\/td>\n<\/tr>\n<tr>\n<td align=\"left\">Hot Stone Massage (Nina) 1x60min<\/td>\n<td align=\"left\">70 \u20ac<\/td>\n<\/tr>\n<\/tbody>\n<\/table>\n<\/div>\n<div class=\"fusion-clearfix\"><\/div><\/div><\/div><\/div><\/div>\n","protected":false},"excerpt":{"rendered":"","protected":false},"author":1,"featured_media":0,"parent":0,"menu_order":0,"comment_status":"closed","ping_status":"closed","template":"","meta":{"footnotes":""},"class_list":["post-1106","page","type-page","status-publish","hentry"],"_links":{"self":[{"href":"https:\/\/www.fysioninja.fi\/sv\/wp-json\/wp\/v2\/pages\/1106","targetHints":{"allow":["GET"]}}],"collection":[{"href":"https:\/\/www.fysioninja.fi\/sv\/wp-json\/wp\/v2\/pages"}],"about":[{"href":"https:\/\/www.fysioninja.fi\/sv\/wp-json\/wp\/v2\/types\/page"}],"author":[{"embeddable":true,"href":"https:\/\/www.fysioninja.fi\/sv\/wp-json\/wp\/v2\/users\/1"}],"replies":[{"embeddable":true,"href":"https:\/\/www.fysioninja.fi\/sv\/wp-json\/wp\/v2\/comments?post=1106"}],"version-history":[{"count":28,"href":"https:\/\/www.fysioninja.fi\/sv\/wp-json\/wp\/v2\/pages\/1106\/revisions"}],"predecessor-version":[{"id":1741,"href":"https:\/\/www.fysioninja.fi\/sv\/wp-json\/wp\/v2\/pages\/1106\/revisions\/1741"}],"wp:attachment":[{"href":"https:\/\/www.fysioninja.fi\/sv\/wp-json\/wp\/v2\/media?parent=1106"}],"curies":[{"name":"wp","href":"https:\/\/api.w.org\/{rel}","templated":true}]}}